{"id":2172,"date":"2022-05-18T14:59:07","date_gmt":"2022-05-18T14:59:07","guid":{"rendered":"https:\/\/gabrielk57.sg-host.com\/nos\/"},"modified":"2026-01-16T08:52:42","modified_gmt":"2026-01-16T08:52:42","slug":"nos","status":"publish","type":"page","link":"https:\/\/playhostel.com\/pt-br\/nos\/","title":{"rendered":"N\u00f3s"},"content":{"rendered":"\t\t<div data-elementor-type=\"wp-page\" data-elementor-id=\"2172\" class=\"elementor elementor-2172 elementor-457\" data-elementor-post-type=\"page\">\n\t\t\t\t\t\t<section class=\"elementor-section elementor-top-section elementor-element elementor-element-675d701 elementor-section-height-min-height elementor-section-boxed elementor-section-height-default elementor-section-items-middle\" data-id=\"675d701\" data-element_type=\"section\" data-e-type=\"section\" data-settings=\"{&quot;jet_parallax_layout_list&quot;:[],&quot;background_background&quot;:&quot;classic&quot;}\">\n\t\t\t\t\t\t\t<div class=\"elementor-background-overlay\"><\/div>\n\t\t\t\t\t\t\t<div class=\"elementor-container elementor-column-gap-default\">\n\t\t\t\t\t<div class=\"elementor-column elementor-col-100 elementor-top-column elementor-element elementor-element-36735ae\" data-id=\"36735ae\" data-element_type=\"column\" data-e-type=\"column\">\n\t\t\t<div class=\"elementor-widget-wrap elementor-element-populated\">\n\t\t\t\t\t\t<div class=\"elementor-element elementor-element-6fd0a87 elementor-widget elementor-widget-heading\" data-id=\"6fd0a87\" data-element_type=\"widget\" data-e-type=\"widget\" data-widget_type=\"heading.default\">\n\t\t\t\t<div class=\"elementor-widget-container\">\n\t\t\t\t\t<h6 class=\"elementor-heading-title elementor-size-default\">N\u00f3s<\/h6>\t\t\t\t<\/div>\n\t\t\t\t<\/div>\n\t\t\t\t\t<\/div>\n\t\t<\/div>\n\t\t\t\t\t<\/div>\n\t\t<\/section>\n\t\t\t\t<section class=\"elementor-section elementor-top-section elementor-element elementor-element-26476cc elementor-section-boxed elementor-section-height-default elementor-section-height-default\" data-id=\"26476cc\" data-element_type=\"section\" data-e-type=\"section\" data-settings=\"{&quot;jet_parallax_layout_list&quot;:[],&quot;background_background&quot;:&quot;classic&quot;}\">\n\t\t\t\t\t\t\t<div class=\"elementor-background-overlay\"><\/div>\n\t\t\t\t\t\t\t<div class=\"elementor-container elementor-column-gap-default\">\n\t\t\t\t\t<div class=\"elementor-column elementor-col-100 elementor-top-column elementor-element elementor-element-03fa4bf\" data-id=\"03fa4bf\" data-element_type=\"column\" data-e-type=\"column\">\n\t\t\t<div class=\"elementor-widget-wrap elementor-element-populated\">\n\t\t\t\t\t\t<div class=\"elementor-element elementor-element-c580ffc elementor-widget elementor-widget-text-editor\" data-id=\"c580ffc\" data-element_type=\"widget\" data-e-type=\"widget\" data-widget_type=\"text-editor.default\">\n\t\t\t\t<div class=\"elementor-widget-container\">\n\t\t\t\t\t\t\t\t\t<p>Play Hostels nasceu em 2011 no cora\u00e7\u00e3o de Palermo, o bairro mais seguro e verde de Buenos Aires. Aqui voc\u00ea encontra arte, design, lojas, caf\u00e9s, restaurantes, museus e a melhor vida noturna!<\/p>\n<p>Iniciamos este lindo empreendimento com o <a href=\"https:\/\/playhostel.com\/soho\/\">Play Hostel Soho<\/a>, ap\u00f3s alguns anos de desenvolvimento pessoal e profissional e a pedido de nossos clientes inauguramos nosso segundo Hostel, o <a href=\"https:\/\/playhostel.com\/arcos\/\">Play Hostel Arcos<\/a>. Atualmente estamos em movimento, pensando em novos projetos para receber e oferecer o melhor aos nossos visitantes.<\/p>\n<p>As nossas casas de estilo antigo, renovadas mas preservando o seu valor hist\u00f3rico, disp\u00f5em de quartos individuais e compartilhados. Voc\u00ea tamb\u00e9m encontrar\u00e1 os melhores cuidados e servi\u00e7os para que voc\u00ea se sinta em casa.<\/p>\n\t\t\t\t\t\t\t\t<\/div>\n\t\t\t\t<\/div>\n\t\t\t\t<div class=\"elementor-element elementor-element-010ae76 elementor-widget elementor-widget-heading\" data-id=\"010ae76\" data-element_type=\"widget\" data-e-type=\"widget\" data-widget_type=\"heading.default\">\n\t\t\t\t<div class=\"elementor-widget-container\">\n\t\t\t\t\t<h1 class=\"elementor-heading-title elementor-size-default\">Os melhores hostels de Buenos Aires.<\/h1>\t\t\t\t<\/div>\n\t\t\t\t<\/div>\n\t\t\t\t<div class=\"elementor-element elementor-element-b09b8ff elementor-widget elementor-widget-heading\" data-id=\"b09b8ff\" data-element_type=\"widget\" data-e-type=\"widget\" data-widget_type=\"heading.default\">\n\t\t\t\t<div class=\"elementor-widget-container\">\n\t\t\t\t\t<h2 class=\"elementor-heading-title elementor-size-default\">VENHA NOS CONHECER, <br>N\u00d3S VAMOS ESPERAR POR VOC\u00ea\n<\/h2>\t\t\t\t<\/div>\n\t\t\t\t<\/div>\n\t\t\t\t\t<\/div>\n\t\t<\/div>\n\t\t\t\t\t<\/div>\n\t\t<\/section>\n\t\t\t\t<\/div>\n\t\t","protected":false},"excerpt":{"rendered":"<p>N\u00f3s Play Hostels nasceu em 2011 no cora\u00e7\u00e3o de Palermo, o bairro mais seguro e verde de Buenos Aires. Aqui voc\u00ea encontra arte, design, lojas, caf\u00e9s, restaurantes, museus e a melhor vida noturna! Iniciamos este lindo empreendimento com o Play Hostel Soho, ap\u00f3s alguns anos de desenvolvimento pessoal e profissional e a pedido de nossos [&hellip;]<\/p>\n","protected":false},"author":1,"featured_media":0,"parent":0,"menu_order":0,"comment_status":"closed","ping_status":"closed","template":"elementor_header_footer","meta":{"footnotes":""},"class_list":["post-2172","page","type-page","status-publish","hentry"],"_links":{"self":[{"href":"https:\/\/playhostel.com\/pt-br\/wp-json\/wp\/v2\/pages\/2172","targetHints":{"allow":["GET"]}}],"collection":[{"href":"https:\/\/playhostel.com\/pt-br\/wp-json\/wp\/v2\/pages"}],"about":[{"href":"https:\/\/playhostel.com\/pt-br\/wp-json\/wp\/v2\/types\/page"}],"author":[{"embeddable":true,"href":"https:\/\/playhostel.com\/pt-br\/wp-json\/wp\/v2\/users\/1"}],"replies":[{"embeddable":true,"href":"https:\/\/playhostel.com\/pt-br\/wp-json\/wp\/v2\/comments?post=2172"}],"version-history":[{"count":0,"href":"https:\/\/playhostel.com\/pt-br\/wp-json\/wp\/v2\/pages\/2172\/revisions"}],"wp:attachment":[{"href":"https:\/\/playhostel.com\/pt-br\/wp-json\/wp\/v2\/media?parent=2172"}],"curies":[{"name":"wp","href":"https:\/\/api.w.org\/{rel}","templated":true}]}}